{"id":23,"date":"2025-12-02T09:30:57","date_gmt":"2025-12-02T08:30:57","guid":{"rendered":"https:\/\/www.kreativer-wirbelwind.at\/?page_id=23"},"modified":"2025-12-12T09:26:24","modified_gmt":"2025-12-12T08:26:24","slug":"impressum-und-datenschutz","status":"publish","type":"page","link":"https:\/\/www.kreativer-wirbelwind.at\/?page_id=23","title":{"rendered":"Impressum und Datenschutz"},"content":{"rendered":"\t\t<div data-elementor-type=\"wp-page\" data-elementor-id=\"23\" class=\"elementor elementor-23\">\n\t\t\t\t<div class=\"elementor-element elementor-element-33d5e56 e-flex e-con-boxed e-con e-parent\" data-id=\"33d5e56\" data-element_type=\"container\">\n\t\t\t\t\t<div class=\"e-con-inner\">\n\t\t\t\t<div class=\"elementor-element elementor-element-3dea1ff elementor-widget elementor-widget-heading\" data-id=\"3dea1ff\" data-element_type=\"widget\" data-widget_type=\"heading.default\">\n\t\t\t\t\t<h2 class=\"elementor-heading-title elementor-size-default\">Impressum &amp; Datenschutz <\/h2>\t\t\t\t<\/div>\n\t\t\t\t<div class=\"elementor-element elementor-element-2af269a elementor-widget elementor-widget-text-editor\" data-id=\"2af269a\" data-element_type=\"widget\" data-widget_type=\"text-editor.default\">\n\t\t\t\t\t\t\t\t\t<p data-start=\"234\" data-end=\"283\"><strong data-start=\"234\" data-end=\"283\">Angaben gem\u00e4\u00df \u00a7 5 ECG, \u00a7 14 UGB und \u00a7 63 GewO<\/strong><\/p>\n<p data-start=\"285\" data-end=\"322\"><strong data-start=\"285\" data-end=\"306\">Unternehmensname:<\/strong><br data-start=\"306\" data-end=\"309\">Duocom GmbH<\/p>\n<p data-start=\"324\" data-end=\"386\"><strong data-start=\"324\" data-end=\"336\">Adresse:<\/strong><br data-start=\"336\" data-end=\"339\">Sulmtalstra\u00dfe 1<br data-start=\"354\" data-end=\"357\">8451 Heimschuh<br data-start=\"371\" data-end=\"374\">\u00d6sterreich<\/p>\n<p data-start=\"388\" data-end=\"433\"><strong data-start=\"388\" data-end=\"399\">E-Mail:<\/strong><br data-start=\"399\" data-end=\"402\"><a class=\"decorated-link cursor-pointer\" rel=\"noopener\" data-start=\"402\" data-end=\"431\">hello@kreativer-wirbelwind.at<\/a><\/p>\n<p data-start=\"435\" data-end=\"548\"><strong data-start=\"435\" data-end=\"462\">Unternehmensgegenstand:<\/strong><br data-start=\"462\" data-end=\"465\">Mediendesign, Kunst<\/p>\n<p data-start=\"691\" data-end=\"794\"><strong data-start=\"691\" data-end=\"712\">Aufsichtsbeh\u00f6rde:<\/strong><br data-start=\"712\" data-end=\"715\">Bezirkshauptmannschaft Leibnitz<\/p>\n<p data-start=\"796\" data-end=\"850\"><strong data-start=\"796\" data-end=\"830\">Berufsrechtliche Vorschriften:<\/strong><br data-start=\"830\" data-end=\"833\"><a class=\"decorated-link cursor-pointer\" target=\"_new\" rel=\"noopener\" data-start=\"833\" data-end=\"850\">www.ris.bka.gv.at<\/a><\/p>\n<hr data-start=\"852\" data-end=\"855\">\n<h2 data-start=\"857\" data-end=\"883\">Datenschutzerkl\u00e4rung<\/h2>\n<h5 data-start=\"885\" data-end=\"911\">1. Allgemeine Hinweise<\/h5>\n<p data-start=\"912\" data-end=\"1091\">Der Schutz Ihrer pers\u00f6nlichen Daten ist uns ein besonderes Anliegen. Wir verarbeiten <br>Ihre Daten daher ausschlie\u00dflich auf Grundlage der gesetzlichen Bestimmungen (DSGVO, TKG 2003).<\/p>\n<h5 data-start=\"1093\" data-end=\"1116\">2. Verantwortlicher<\/h5>\n<p data-start=\"1117\" data-end=\"1217\"><strong data-start=\"1117\" data-end=\"1132\">Duocom GmbH<\/strong><br data-start=\"1132\" data-end=\"1135\">Sulmtalstra\u00dfe 1<br data-start=\"1150\" data-end=\"1153\">8451 Heimschuh<br data-start=\"1167\" data-end=\"1170\">\u00d6sterreich<br data-start=\"1180\" data-end=\"1183\">\ud83d\udce7 <a class=\"decorated-link cursor-pointer\" rel=\"noopener\" data-start=\"1186\" data-end=\"1215\">hello@kreativer-wirbelwind.at<\/a><\/p>\n<hr data-start=\"1219\" data-end=\"1222\">\n<h5 data-start=\"1224\" data-end=\"1246\">3. Kontaktaufnahme<\/h5>\n<p data-start=\"1247\" data-end=\"1536\">Wenn Sie per <strong data-start=\"1260\" data-end=\"1291\">Kontaktformular oder E-Mail<\/strong> Kontakt mit uns aufnehmen, werden Ihre angegebenen <br>Daten (Name, E-Mail-Adresse, Nachricht) zwecks Bearbeitung der Anfrage und f\u00fcr den Fall von <br>Anschlussfragen bei uns gespeichert.<br data-start=\"1471\" data-end=\"1474\">Diese Daten geben wir <strong data-start=\"1496\" data-end=\"1535\">nicht ohne Ihre Einwilligung weiter<\/strong>.<\/p>\n<p data-start=\"1538\" data-end=\"1636\"><strong data-start=\"1538\" data-end=\"1558\">Rechtsgrundlage:<\/strong> Art. 6 Abs. 1 lit. b DSGVO (Vertragserf\u00fcllung bzw. vorvertragliche Ma\u00dfnahmen)<\/p>\n<hr data-start=\"1638\" data-end=\"1641\">\n<h5 data-start=\"1643\" data-end=\"1660\">4. Webhosting<\/h5>\n<p data-start=\"1661\" data-end=\"1713\">Unsere Website wird bei folgendem Anbieter gehostet:<\/p>\n<p data-start=\"1715\" data-end=\"1798\"><strong data-start=\"1715\" data-end=\"1751\">world4you Internet Services GmbH<\/strong><br data-start=\"1751\" data-end=\"1754\">Hafenstra\u00dfe 47\u201351<br data-start=\"1771\" data-end=\"1774\">4020 Linz<br data-start=\"1783\" data-end=\"1786\">\u00d6sterreich<\/p>\n<p data-start=\"1800\" data-end=\"1966\">Der Hosting-Anbieter verarbeitet Daten nur im Rahmen der geltenden Datenschutzbestimmungen und <br>auf Grundlage eines Auftragsverarbeitungsvertrages gem\u00e4\u00df Art. 28 DSGVO.<\/p>\n<hr data-start=\"1968\" data-end=\"1971\">\n<h5 data-start=\"1973\" data-end=\"1998\">5. Social Media Links<\/h5>\n<p data-start=\"1999\" data-end=\"2306\">Auf unserer Website befinden sich <strong data-start=\"2033\" data-end=\"2065\">Links zu sozialen Netzwerken<\/strong> (z. B. Instagram, Facebook, TikTok).<br data-start=\"2102\" data-end=\"2105\">Beim Besuch unserer Website werden <strong data-start=\"2140\" data-end=\"2199\">keine Daten automatisch an diese Plattformen \u00fcbertragen<\/strong>. <br>Erst beim Anklicken des jeweiligen Links gelten die Datenschutzbestimmungen des entsprechenden Anbieters.<\/p>\n<hr data-start=\"2308\" data-end=\"2311\">\n<h5 data-start=\"2313\" data-end=\"2327\">6. Cookies<\/h5>\n<p data-start=\"2328\" data-end=\"2532\">Unsere Website verwendet <strong data-start=\"2353\" data-end=\"2385\">technisch notwendige Cookies<\/strong>, um die Funktionalit\u00e4t sicherzustellen.<br data-start=\"2425\" data-end=\"2428\">Diese Cookies speichern keine personenbezogenen Daten und sind f\u00fcr den Betrieb der Website erforderlich.<\/p>\n<hr data-start=\"2534\" data-end=\"2537\">\n<h5 data-start=\"2539\" data-end=\"2557\">7. Ihre Rechte<\/h5>\n<p data-start=\"2558\" data-end=\"2604\">Ihnen stehen grunds\u00e4tzlich folgende Rechte zu:<\/p>\n<ul data-start=\"2605\" data-end=\"2736\">\n<li data-start=\"2605\" data-end=\"2617\">\n<p data-start=\"2607\" data-end=\"2617\">Auskunft<\/p>\n<\/li>\n<li data-start=\"2618\" data-end=\"2634\">\n<p data-start=\"2620\" data-end=\"2634\">Berichtigung<\/p>\n<\/li>\n<li data-start=\"2635\" data-end=\"2647\">\n<p data-start=\"2637\" data-end=\"2647\">L\u00f6schung<\/p>\n<\/li>\n<li data-start=\"2648\" data-end=\"2682\">\n<p data-start=\"2650\" data-end=\"2682\">Einschr\u00e4nkung der Verarbeitung<\/p>\n<\/li>\n<li data-start=\"2683\" data-end=\"2707\">\n<p data-start=\"2685\" data-end=\"2707\">Daten\u00fcbertragbarkeit<\/p>\n<\/li>\n<li data-start=\"2708\" data-end=\"2736\">\n<p data-start=\"2710\" data-end=\"2736\">Widerruf und Widerspruch<\/p>\n<\/li>\n<\/ul>\n<p data-start=\"2738\" data-end=\"2915\">Wenn Sie glauben, dass die Verarbeitung Ihrer Daten gegen das Datenschutzrecht verst\u00f6\u00dft, haben Sie das Recht,<br>sich bei der <strong data-start=\"2861\" data-end=\"2900\">\u00f6sterreichischen Datenschutzbeh\u00f6rde<\/strong> zu beschweren.<\/p>\n<p data-start=\"2917\" data-end=\"3003\"><strong data-start=\"2917\" data-end=\"2955\">\u00d6sterreichische Datenschutzbeh\u00f6rde<\/strong><br data-start=\"2955\" data-end=\"2958\">Barichgasse 40\u201342<br data-start=\"2975\" data-end=\"2978\">1030 Wien<br data-start=\"2987\" data-end=\"2990\"><a class=\"decorated-link cursor-pointer\" target=\"_new\" rel=\"noopener\" data-start=\"2990\" data-end=\"3003\">www.dsb.gv.at<\/a><\/p>\n<hr data-start=\"3005\" data-end=\"3008\">\n<h5 data-start=\"3010\" data-end=\"3055\">8. \u00c4nderungen dieser Datenschutzerkl\u00e4rung<\/h5>\n<p data-start=\"3056\" data-end=\"3209\">Wir behalten uns vor, diese Datenschutzerkl\u00e4rung bei Bedarf anzupassen, um sie an rechtliche Anforderungen <br>oder \u00c4nderungen unserer Leistungen anzupassen.<\/p>\t\t\t\t\t\t\t\t<\/div>\n\t\t\t\t\t<\/div>\n\t\t\t\t<\/div>\n\t\t\t\t<\/div>\n\t\t","protected":false},"excerpt":{"rendered":"<p>Impressum &amp; Datenschutz Angaben gem\u00e4\u00df \u00a7 5 ECG, \u00a7 14 UGB und \u00a7 63 GewO Unternehmensname:Duocom GmbH Adresse:Sulmtalstra\u00dfe 18451 Heimschuh\u00d6sterreich E-Mail:hello@kreativer-wirbelwind.at Unternehmensgegenstand:Mediendesign, Kunst Aufsichtsbeh\u00f6rde:Bezirkshauptmannschaft Leibnitz Berufsrechtliche Vorschriften:www.ris.bka.gv.at Datenschutzerkl\u00e4rung 1. Allgemeine Hinweise Der Schutz Ihrer pers\u00f6nlichen Daten ist uns ein besonderes Anliegen. Wir verarbeiten Ihre Daten daher ausschlie\u00dflich auf Grundlage der gesetzlichen Bestimmungen (DSGVO, TKG 2003). [&hellip;]<\/p>\n","protected":false},"author":1,"featured_media":0,"parent":0,"menu_order":0,"comment_status":"closed","ping_status":"closed","template":"","meta":{"footnotes":""},"class_list":["post-23","page","type-page","status-publish","hentry"],"blocksy_meta":[],"_links":{"self":[{"href":"https:\/\/www.kreativer-wirbelwind.at\/index.php?rest_route=\/wp\/v2\/pages\/23","targetHints":{"allow":["GET"]}}],"collection":[{"href":"https:\/\/www.kreativer-wirbelwind.at\/index.php?rest_route=\/wp\/v2\/pages"}],"about":[{"href":"https:\/\/www.kreativer-wirbelwind.at\/index.php?rest_route=\/wp\/v2\/types\/page"}],"author":[{"embeddable":true,"href":"https:\/\/www.kreativer-wirbelwind.at\/index.php?rest_route=\/wp\/v2\/users\/1"}],"replies":[{"embeddable":true,"href":"https:\/\/www.kreativer-wirbelwind.at\/index.php?rest_route=%2Fwp%2Fv2%2Fcomments&post=23"}],"version-history":[{"count":4,"href":"https:\/\/www.kreativer-wirbelwind.at\/index.php?rest_route=\/wp\/v2\/pages\/23\/revisions"}],"predecessor-version":[{"id":184,"href":"https:\/\/www.kreativer-wirbelwind.at\/index.php?rest_route=\/wp\/v2\/pages\/23\/revisions\/184"}],"wp:attachment":[{"href":"https:\/\/www.kreativer-wirbelwind.at\/index.php?rest_route=%2Fwp%2Fv2%2Fmedia&parent=23"}],"curies":[{"name":"wp","href":"https:\/\/api.w.org\/{rel}","templated":true}]}}