{"id":21,"date":"2025-12-02T09:30:28","date_gmt":"2025-12-02T08:30:28","guid":{"rendered":"https:\/\/www.kreativer-wirbelwind.at\/?page_id=21"},"modified":"2025-12-10T15:03:56","modified_gmt":"2025-12-10T14:03:56","slug":"kontakt","status":"publish","type":"page","link":"https:\/\/www.kreativer-wirbelwind.at\/?page_id=21","title":{"rendered":"Kontakt"},"content":{"rendered":"\t\t<div data-elementor-type=\"wp-page\" data-elementor-id=\"21\" class=\"elementor elementor-21\">\n\t\t\t\t<div class=\"elementor-element elementor-element-e0f9df8 e-flex e-con-boxed e-con e-parent\" data-id=\"e0f9df8\" data-element_type=\"container\">\n\t\t\t\t\t<div class=\"e-con-inner\">\n\t\t<div class=\"elementor-element elementor-element-97dc368 e-con-full e-flex e-con e-child\" data-id=\"97dc368\" data-element_type=\"container\">\n\t\t\t\t<div class=\"elementor-element elementor-element-1f7e8ad elementor-widget elementor-widget-heading\" data-id=\"1f7e8ad\" data-element_type=\"widget\" data-widget_type=\"heading.default\">\n\t\t\t\t\t<h2 class=\"elementor-heading-title elementor-size-default\">Wirbelwind gef\u00e4llig?<\/h2>\t\t\t\t<\/div>\n\t\t\t\t<div class=\"elementor-element elementor-element-d59b1ab elementor-widget elementor-widget-text-editor\" data-id=\"d59b1ab\" data-element_type=\"widget\" data-widget_type=\"text-editor.default\">\n\t\t\t\t\t\t\t\t\t<p>Du hast eine Idee, die ich unbedingt h\u00f6ren sollte? Dann ab ins Formular damit! Ich bin zwar im Familienbetrieb gut ausgelastet, aber f\u00fcr Herzensprojekte mache ich gerne Platz im Wirbelwind.<\/p>\t\t\t\t\t\t\t\t<\/div>\n\t\t\t\t<div class=\"elementor-element elementor-element-8c9d61a eael-contact-form-7-button-align-left eael-contact-form-7-button-custom elementor-widget elementor-widget-eael-contact-form-7\" data-id=\"8c9d61a\" data-element_type=\"widget\" data-widget_type=\"eael-contact-form-7.default\">\n\t\t\t\t\t<div class=\"eael-contact-form-7-wrapper\">\n                <div class=\"eael-contact-form eael-contact-form-7 eael-contact-form-8c9d61a placeholder-show eael-contact-form-align-default\">\n<div class=\"wpcf7 no-js\" id=\"wpcf7-f142-o1\" lang=\"de-DE\" dir=\"ltr\" data-wpcf7-id=\"142\">\n<div class=\"screen-reader-response\"><p role=\"status\" aria-live=\"polite\" aria-atomic=\"true\"><\/p> <ul><\/ul><\/div>\n<form action=\"\/index.php?rest_route=%2Fwp%2Fv2%2Fpages%2F21#wpcf7-f142-o1\" method=\"post\" class=\"wpcf7-form init\" aria-label=\"Kontaktformular\" novalidate=\"novalidate\" data-status=\"init\">\n<fieldset class=\"hidden-fields-container\"><input type=\"hidden\" name=\"_wpcf7\" value=\"142\" \/><input type=\"hidden\" name=\"_wpcf7_version\" value=\"6.1.4\" \/><input type=\"hidden\" name=\"_wpcf7_locale\" value=\"de_DE\" \/><input type=\"hidden\" name=\"_wpcf7_unit_tag\" value=\"wpcf7-f142-o1\" \/><input type=\"hidden\" name=\"_wpcf7_container_post\" value=\"0\" \/><input type=\"hidden\" name=\"_wpcf7_posted_data_hash\" value=\"\" \/>\n<\/fieldset>\n<p><label> Dein Name<br \/>\n<span class=\"wpcf7-form-control-wrap\" data-name=\"your-name\"><input size=\"40\" maxlength=\"400\" class=\"wpcf7-form-control wpcf7-text wpcf7-validates-as-required\" autocomplete=\"name\" aria-required=\"true\" aria-invalid=\"false\" value=\"\" type=\"text\" name=\"your-name\" \/><\/span> <\/label>\n<\/p>\n<p><label> Deine E-Mail-Adresse<br \/>\n<span class=\"wpcf7-form-control-wrap\" data-name=\"your-email\"><input size=\"40\" maxlength=\"400\" class=\"wpcf7-form-control wpcf7-email wpcf7-validates-as-required wpcf7-text wpcf7-validates-as-email\" autocomplete=\"email\" aria-required=\"true\" aria-invalid=\"false\" value=\"\" type=\"email\" name=\"your-email\" \/><\/span> <\/label>\n<\/p>\n<p><label> Betreff<br \/>\n<span class=\"wpcf7-form-control-wrap\" data-name=\"your-subject\"><input size=\"40\" maxlength=\"400\" class=\"wpcf7-form-control wpcf7-text wpcf7-validates-as-required\" aria-required=\"true\" aria-invalid=\"false\" value=\"\" type=\"text\" name=\"your-subject\" \/><\/span> <\/label>\n<\/p>\n<p><label> Deine Nachricht (optional)<br \/>\n<span class=\"wpcf7-form-control-wrap\" data-name=\"your-message\"><textarea cols=\"40\" rows=\"10\" maxlength=\"2000\" class=\"wpcf7-form-control wpcf7-textarea\" aria-invalid=\"false\" name=\"your-message\"><\/textarea><\/span> <\/label>\n<\/p>\n<p><input class=\"wpcf7-form-control wpcf7-submit has-spinner\" type=\"submit\" value=\"Let\u2019s create something together\" \/>\n<\/p><div class=\"wpcf7-response-output\" aria-hidden=\"true\"><\/div>\n<\/form>\n<\/div>\n<\/div>\n            <\/div>\t\t\t\t<\/div>\n\t\t\t\t<\/div>\n\t\t<div class=\"elementor-element elementor-element-3017e7f e-con-full e-flex e-con e-child\" data-id=\"3017e7f\" data-element_type=\"container\">\n\t\t\t\t<div class=\"elementor-element elementor-element-d4b0e26 elementor-widget elementor-widget-image\" data-id=\"d4b0e26\" data-element_type=\"widget\" data-widget_type=\"image.default\">\n\t\t\t\t\t\t\t\t\t\t\t\t\t\t\t<img fetchpriority=\"high\" decoding=\"async\" width=\"768\" height=\"1024\" src=\"https:\/\/www.kreativer-wirbelwind.at\/wp-content\/uploads\/2025\/12\/o-om2jdtbra-768x1024.jpg\" class=\"attachment-large size-large wp-image-97\" alt=\"a toy phone sitting on top of a table\" srcset=\"https:\/\/www.kreativer-wirbelwind.at\/wp-content\/uploads\/2025\/12\/o-om2jdtbra-768x1024.jpg 768w, https:\/\/www.kreativer-wirbelwind.at\/wp-content\/uploads\/2025\/12\/o-om2jdtbra-225x300.jpg 225w, https:\/\/www.kreativer-wirbelwind.at\/wp-content\/uploads\/2025\/12\/o-om2jdtbra.jpg 900w\" sizes=\"(max-width: 768px) 100vw, 768px\" \/>\t\t\t\t\t\t\t\t\t\t\t\t\t\t\t<\/div>\n\t\t\t\t<\/div>\n\t\t\t\t\t<\/div>\n\t\t\t\t<\/div>\n\t\t\t\t<\/div>\n\t\t","protected":false},"excerpt":{"rendered":"<p>Wirbelwind gef\u00e4llig? Du hast eine Idee, die ich unbedingt h\u00f6ren sollte? Dann ab ins Formular damit! Ich bin zwar im Familienbetrieb gut ausgelastet, aber f\u00fcr Herzensprojekte mache ich gerne Platz im Wirbelwind. Dein Name Deine E-Mail-Adresse Betreff Deine Nachricht (optional)<\/p>\n","protected":false},"author":1,"featured_media":0,"parent":0,"menu_order":0,"comment_status":"closed","ping_status":"closed","template":"","meta":{"footnotes":""},"class_list":["post-21","page","type-page","status-publish","hentry"],"blocksy_meta":[],"_links":{"self":[{"href":"https:\/\/www.kreativer-wirbelwind.at\/index.php?rest_route=\/wp\/v2\/pages\/21","targetHints":{"allow":["GET"]}}],"collection":[{"href":"https:\/\/www.kreativer-wirbelwind.at\/index.php?rest_route=\/wp\/v2\/pages"}],"about":[{"href":"https:\/\/www.kreativer-wirbelwind.at\/index.php?rest_route=\/wp\/v2\/types\/page"}],"author":[{"embeddable":true,"href":"https:\/\/www.kreativer-wirbelwind.at\/index.php?rest_route=\/wp\/v2\/users\/1"}],"replies":[{"embeddable":true,"href":"https:\/\/www.kreativer-wirbelwind.at\/index.php?rest_route=%2Fwp%2Fv2%2Fcomments&post=21"}],"version-history":[{"count":16,"href":"https:\/\/www.kreativer-wirbelwind.at\/index.php?rest_route=\/wp\/v2\/pages\/21\/revisions"}],"predecessor-version":[{"id":160,"href":"https:\/\/www.kreativer-wirbelwind.at\/index.php?rest_route=\/wp\/v2\/pages\/21\/revisions\/160"}],"wp:attachment":[{"href":"https:\/\/www.kreativer-wirbelwind.at\/index.php?rest_route=%2Fwp%2Fv2%2Fmedia&parent=21"}],"curies":[{"name":"wp","href":"https:\/\/api.w.org\/{rel}","templated":true}]}}