{"id":14,"date":"2025-12-02T09:29:27","date_gmt":"2025-12-02T08:29:27","guid":{"rendered":"https:\/\/www.kreativer-wirbelwind.at\/?page_id=14"},"modified":"2025-12-12T10:03:49","modified_gmt":"2025-12-12T09:03:49","slug":"home","status":"publish","type":"page","link":"https:\/\/www.kreativer-wirbelwind.at\/","title":{"rendered":"Home"},"content":{"rendered":"\t\t<div data-elementor-type=\"wp-page\" data-elementor-id=\"14\" class=\"elementor elementor-14\">\n\t\t\t\t<div class=\"elementor-element elementor-element-9f91fca e-flex e-con-boxed e-con e-parent\" data-id=\"9f91fca\" data-element_type=\"container\" data-settings=\"{&quot;background_background&quot;:&quot;classic&quot;}\">\n\t\t\t\t\t<div class=\"e-con-inner\">\n\t\t<div class=\"elementor-element elementor-element-e323573 e-con-full e-flex e-con e-child\" data-id=\"e323573\" data-element_type=\"container\">\n\t\t\t\t<div class=\"elementor-element elementor-element-8f7a02d elementor-widget elementor-widget-image\" data-id=\"8f7a02d\" data-element_type=\"widget\" data-widget_type=\"image.default\">\n\t\t\t\t\t\t\t\t\t\t\t\t\t\t\t<img fetchpriority=\"high\" decoding=\"async\" width=\"1024\" height=\"1024\" src=\"https:\/\/www.kreativer-wirbelwind.at\/wp-content\/uploads\/2025\/12\/Wirbelwind-2-1024x1024.png\" class=\"attachment-large size-large wp-image-53\" alt=\"\" srcset=\"https:\/\/www.kreativer-wirbelwind.at\/wp-content\/uploads\/2025\/12\/Wirbelwind-2-1024x1024.png 1024w, https:\/\/www.kreativer-wirbelwind.at\/wp-content\/uploads\/2025\/12\/Wirbelwind-2-300x300.png 300w, https:\/\/www.kreativer-wirbelwind.at\/wp-content\/uploads\/2025\/12\/Wirbelwind-2-150x150.png 150w, https:\/\/www.kreativer-wirbelwind.at\/wp-content\/uploads\/2025\/12\/Wirbelwind-2-768x767.png 768w, https:\/\/www.kreativer-wirbelwind.at\/wp-content\/uploads\/2025\/12\/Wirbelwind-2.png 1365w\" sizes=\"(max-width: 1024px) 100vw, 1024px\" \/>\t\t\t\t\t\t\t\t\t\t\t\t\t\t\t<\/div>\n\t\t\t\t<\/div>\n\t\t<div class=\"elementor-element elementor-element-832690d e-con-full e-flex e-con e-child\" data-id=\"832690d\" data-element_type=\"container\">\n\t\t\t\t<div class=\"elementor-element elementor-element-747a54c elementor-widget elementor-widget-heading\" data-id=\"747a54c\" data-element_type=\"widget\" data-widget_type=\"heading.default\">\n\t\t\t\t\t<h2 class=\"elementor-heading-title elementor-size-default\">Ich wirble Kreativit\u00e4t in jede Richtung \u2013 f\u00fcr Marken, Menschen und Momente.<\/h2>\t\t\t\t<\/div>\n\t\t\t\t<div class=\"elementor-element elementor-element-68df1f2 elementor-widget elementor-widget-heading\" data-id=\"68df1f2\" data-element_type=\"widget\" data-widget_type=\"heading.default\">\n\t\t\t\t\t<h5 class=\"elementor-heading-title elementor-size-default\">Ob Design, Kunst oder Content: Ich bringe frischen Wind in jedes Projekt.<\/h5>\t\t\t\t<\/div>\n\t\t\t\t<div class=\"elementor-element elementor-element-bdbcc12 elementor-widget__width-initial elementor-widget-mobile__width-initial elementor-widget elementor-widget-button\" data-id=\"bdbcc12\" data-element_type=\"widget\" data-widget_type=\"button.default\">\n\t\t\t\t\t\t\t\t\t\t<a class=\"elementor-button elementor-button-link elementor-size-sm\" href=\"https:\/\/www.kreativer-wirbelwind.at\/?page_id=21\">\n\t\t\t\t\t\t<span class=\"elementor-button-content-wrapper\">\n\t\t\t\t\t\t\t\t\t<span class=\"elementor-button-text\">Gemeinsam loswirbeln<\/span>\n\t\t\t\t\t<\/span>\n\t\t\t\t\t<\/a>\n\t\t\t\t\t\t\t\t<\/div>\n\t\t\t\t<\/div>\n\t\t\t\t\t<\/div>\n\t\t\t\t<\/div>\n\t\t<div class=\"elementor-element elementor-element-dfabec3 e-flex e-con-boxed e-con e-parent\" data-id=\"dfabec3\" data-element_type=\"container\">\n\t\t\t\t\t<div class=\"e-con-inner\">\n\t\t<div class=\"elementor-element elementor-element-a3e3cc7 e-con-full e-flex e-con e-child\" data-id=\"a3e3cc7\" data-element_type=\"container\">\n\t\t\t\t<div class=\"elementor-element elementor-element-868fb3e elementor-widget__width-initial elementor-widget elementor-widget-image\" data-id=\"868fb3e\" data-element_type=\"widget\" data-widget_type=\"image.default\">\n\t\t\t\t\t\t\t\t\t\t\t\t\t\t\t<img decoding=\"async\" width=\"2048\" height=\"2560\" src=\"https:\/\/www.kreativer-wirbelwind.at\/wp-content\/uploads\/2025\/12\/15B7A9C4-E8A5-4DB8-89CE-709B3077491A-scaled.jpg\" class=\"attachment-full size-full wp-image-64\" alt=\"\" srcset=\"https:\/\/www.kreativer-wirbelwind.at\/wp-content\/uploads\/2025\/12\/15B7A9C4-E8A5-4DB8-89CE-709B3077491A-scaled.jpg 2048w, https:\/\/www.kreativer-wirbelwind.at\/wp-content\/uploads\/2025\/12\/15B7A9C4-E8A5-4DB8-89CE-709B3077491A-240x300.jpg 240w, https:\/\/www.kreativer-wirbelwind.at\/wp-content\/uploads\/2025\/12\/15B7A9C4-E8A5-4DB8-89CE-709B3077491A-819x1024.jpg 819w, https:\/\/www.kreativer-wirbelwind.at\/wp-content\/uploads\/2025\/12\/15B7A9C4-E8A5-4DB8-89CE-709B3077491A-768x960.jpg 768w, https:\/\/www.kreativer-wirbelwind.at\/wp-content\/uploads\/2025\/12\/15B7A9C4-E8A5-4DB8-89CE-709B3077491A-1229x1536.jpg 1229w, https:\/\/www.kreativer-wirbelwind.at\/wp-content\/uploads\/2025\/12\/15B7A9C4-E8A5-4DB8-89CE-709B3077491A-1639x2048.jpg 1639w\" sizes=\"(max-width: 2048px) 100vw, 2048px\" \/>\t\t\t\t\t\t\t\t\t\t\t\t\t\t\t<\/div>\n\t\t\t\t<\/div>\n\t\t<div class=\"elementor-element elementor-element-af18ece e-con-full e-flex e-con e-child\" data-id=\"af18ece\" data-element_type=\"container\">\n\t\t\t\t<div class=\"elementor-element elementor-element-1014b4d elementor-widget elementor-widget-heading\" data-id=\"1014b4d\" data-element_type=\"widget\" data-widget_type=\"heading.default\">\n\t\t\t\t\t<h2 class=\"elementor-heading-title elementor-size-default\">About me <\/h2>\t\t\t\t<\/div>\n\t\t\t\t<div class=\"elementor-element elementor-element-149469a elementor-widget elementor-widget-text-editor\" data-id=\"149469a\" data-element_type=\"widget\" data-widget_type=\"text-editor.default\">\n\t\t\t\t\t\t\t\t\t<p data-start=\"312\" data-end=\"698\">Ich bin Chiara &#8211; diplomierte Mediendesignerin, vielseitige <br \/>K\u00fcnstlerin und der kreative Wirbelwind, der Ideen zum Leben<br \/>erweckt. Ich denke selten geradeaus und genau daraus entsteht <br \/>meine St\u00e4rke: mutige Designs, lebendige Kunst und Content, der <br \/>Charakter zeigt. Zwischen Farbexplosionen und klaren Konzepten <br \/>finde ich meinen Rhythmus \u2013 frei, energiegeladen und immer ein <br \/>bisschen anders. Ich liebe es, Marken sichtbar zu machen, <br \/>Emotionen in Farbe zu verwandeln und Projekte zu gestalten, <br \/>die wirken und ber\u00fchren.<\/p>\t\t\t\t\t\t\t\t<\/div>\n\t\t\t\t<div class=\"elementor-element elementor-element-6c0458a elementor-widget elementor-widget-button\" data-id=\"6c0458a\" data-element_type=\"widget\" data-widget_type=\"button.default\">\n\t\t\t\t\t\t\t\t\t\t<a class=\"elementor-button elementor-button-link elementor-size-sm\" href=\"https:\/\/www.kreativer-wirbelwind.at\/?page_id=17\">\n\t\t\t\t\t\t<span class=\"elementor-button-content-wrapper\">\n\t\t\t\t\t\t\t\t\t<span class=\"elementor-button-text\">Mehr \u00fcber mich<\/span>\n\t\t\t\t\t<\/span>\n\t\t\t\t\t<\/a>\n\t\t\t\t\t\t\t\t<\/div>\n\t\t\t\t<\/div>\n\t\t\t\t\t<\/div>\n\t\t\t\t<\/div>\n\t\t<div class=\"elementor-element elementor-element-b0a5104 e-flex e-con-boxed e-con e-parent\" data-id=\"b0a5104\" data-element_type=\"container\">\n\t\t\t\t\t<div class=\"e-con-inner\">\n\t\t<div class=\"elementor-element elementor-element-c1d6864 e-con-full e-flex e-con e-child\" data-id=\"c1d6864\" data-element_type=\"container\">\n\t\t\t\t<div class=\"elementor-element elementor-element-eb773fb elementor-widget elementor-widget-heading\" data-id=\"eb773fb\" data-element_type=\"widget\" data-widget_type=\"heading.default\">\n\t\t\t\t\t<h2 class=\"elementor-heading-title elementor-size-default\">Wirbelwind gef\u00e4llig?<\/h2>\t\t\t\t<\/div>\n\t\t\t\t<div class=\"elementor-element elementor-element-c06389d elementor-widget elementor-widget-text-editor\" data-id=\"c06389d\" data-element_type=\"widget\" data-widget_type=\"text-editor.default\">\n\t\t\t\t\t\t\t\t\t<p data-start=\"312\" data-end=\"698\">Wenn deine Idee nach Kreativit\u00e4t, Farbe und einem kleinen <br \/>Wirbelwind ruft, lass uns quatschen. Ich nehme nicht jedes Projekt <br \/>an \u2013 nicht aus Diva-All\u00fcren oder \u00fcbertriebenem Perfektionismus, <br \/>sondern weil ich im Familienbetrieb Vollzeit wirble und meine kreativen <br \/>Superkr\u00e4fte dort einsetze, wo sie wirklich aufbl\u00fchen k\u00f6nnen. Erz\u00e4hl <br \/>mir einfach von deinem Projekt, und wir schauen ganz entspannt, <br \/>ob wir ein gutes Match sind und gemeinsam etwas Besonderes starten.<br \/>Charakter zeigt. Zwischen Farbexplosionen und klaren Konzepten <br \/>finde ich meinen Rhythmus \u2013 frei, energiegeladen und immer ein <br \/>bisschen anders. Ich liebe es, Marken sichtbar zu machen, <br \/>Emotionen in Farbe zu verwandeln und Projekte zu gestalten, <br \/>die wirken und ber\u00fchren.<\/p><p data-start=\"312\" data-end=\"698\">E-Mail:\u00a0<a href=\"hello@kreativer-wirbelwind.at\">hello@kreativer-wirbelwind.at<\/a><br \/>Instagram:\u00a0<a href=\"https:\/\/www.instagram.com\/kreativer.wirbelwind\/\">kreativer.wirbelwind<\/a><\/p>\t\t\t\t\t\t\t\t<\/div>\n\t\t\t\t<div class=\"elementor-element elementor-element-6c852c8 elementor-widget elementor-widget-button\" data-id=\"6c852c8\" data-element_type=\"widget\" data-widget_type=\"button.default\">\n\t\t\t\t\t\t\t\t\t\t<a class=\"elementor-button elementor-button-link elementor-size-sm\" href=\"https:\/\/www.kreativer-wirbelwind.at\/?page_id=21\">\n\t\t\t\t\t\t<span class=\"elementor-button-content-wrapper\">\n\t\t\t\t\t\t\t\t\t<span class=\"elementor-button-text\">Sag Hallo<\/span>\n\t\t\t\t\t<\/span>\n\t\t\t\t\t<\/a>\n\t\t\t\t\t\t\t\t<\/div>\n\t\t\t\t<\/div>\n\t\t<div class=\"elementor-element elementor-element-14b1f2d e-con-full e-flex e-con e-child\" data-id=\"14b1f2d\" data-element_type=\"container\">\n\t\t\t\t<div class=\"elementor-element elementor-element-f02acca elementor-widget__width-initial elementor-widget elementor-widget-image\" data-id=\"f02acca\" data-element_type=\"widget\" data-widget_type=\"image.default\">\n\t\t\t\t\t\t\t\t\t\t\t\t\t\t\t<img decoding=\"async\" width=\"900\" height=\"1200\" src=\"https:\/\/www.kreativer-wirbelwind.at\/wp-content\/uploads\/2025\/12\/o-om2jdtbra.jpg\" class=\"attachment-full size-full wp-image-97\" alt=\"a toy phone sitting on top of a table\" srcset=\"https:\/\/www.kreativer-wirbelwind.at\/wp-content\/uploads\/2025\/12\/o-om2jdtbra.jpg 900w, https:\/\/www.kreativer-wirbelwind.at\/wp-content\/uploads\/2025\/12\/o-om2jdtbra-225x300.jpg 225w, https:\/\/www.kreativer-wirbelwind.at\/wp-content\/uploads\/2025\/12\/o-om2jdtbra-768x1024.jpg 768w\" sizes=\"(max-width: 900px) 100vw, 900px\" \/>\t\t\t\t\t\t\t\t\t\t\t\t\t\t\t<\/div>\n\t\t\t\t<\/div>\n\t\t\t\t\t<\/div>\n\t\t\t\t<\/div>\n\t\t<div class=\"elementor-element elementor-element-1cdfde2 e-flex e-con-boxed e-con e-parent\" data-id=\"1cdfde2\" data-element_type=\"container\">\n\t\t\t\t\t<div class=\"e-con-inner\">\n\t\t<div class=\"elementor-element elementor-element-825c13b e-con-full e-flex e-con e-child\" data-id=\"825c13b\" data-element_type=\"container\">\n\t\t\t\t<div class=\"elementor-element elementor-element-06225d3 elementor-widget__width-initial elementor-widget elementor-widget-image\" data-id=\"06225d3\" data-element_type=\"widget\" data-widget_type=\"image.default\">\n\t\t\t\t\t\t\t\t\t\t\t\t\t\t\t<img loading=\"lazy\" decoding=\"async\" width=\"900\" height=\"1200\" src=\"https:\/\/www.kreativer-wirbelwind.at\/wp-content\/uploads\/2025\/12\/gughsr1euek.jpg\" class=\"attachment-full size-full wp-image-74\" alt=\"a bunch of flowers\" srcset=\"https:\/\/www.kreativer-wirbelwind.at\/wp-content\/uploads\/2025\/12\/gughsr1euek.jpg 900w, https:\/\/www.kreativer-wirbelwind.at\/wp-content\/uploads\/2025\/12\/gughsr1euek-225x300.jpg 225w, https:\/\/www.kreativer-wirbelwind.at\/wp-content\/uploads\/2025\/12\/gughsr1euek-768x1024.jpg 768w\" sizes=\"(max-width: 900px) 100vw, 900px\" \/>\t\t\t\t\t\t\t\t\t\t\t\t\t\t\t<\/div>\n\t\t\t\t<\/div>\n\t\t<div class=\"elementor-element elementor-element-5c337fc e-con-full e-flex e-con e-child\" data-id=\"5c337fc\" data-element_type=\"container\">\n\t\t\t\t<div class=\"elementor-element elementor-element-5acfbe4 elementor-widget elementor-widget-heading\" data-id=\"5acfbe4\" data-element_type=\"widget\" data-widget_type=\"heading.default\">\n\t\t\t\t\t<h2 class=\"elementor-heading-title elementor-size-default\">Wirbelwerke<\/h2>\t\t\t\t<\/div>\n\t\t\t\t<div class=\"elementor-element elementor-element-d99ca7b elementor-widget elementor-widget-text-editor\" data-id=\"d99ca7b\" data-element_type=\"widget\" data-widget_type=\"text-editor.default\">\n\t\t\t\t\t\t\t\t\t<p data-start=\"223\" data-end=\"629\">Hier findest du eine Sammlung meiner liebsten Projekte \u2013 <br \/>Designs, Kunstwerke und Ideen, die genug Energie hatten, um aus <br \/>meinem Kopf auf die Leinwand, den Bildschirm oder direkt ins Herz <br \/>zu wirbeln. Mein Portfolio ist ein bunter Mix aus Struktur und Chaos, <br \/>aus geplanten Konzepten und spontanen Geistesblitzen. Manche Werke <br \/>sind leise, andere laut \u2013 aber alle tragen meinen ganz eigenen <br \/>Rhythmus in sich.<\/p><p data-start=\"631\" data-end=\"784\">Mach\u2019s dir bequem, scroll dich durch und lass dich inspirieren. <br \/>Vielleicht wartet hier schon der kreative Funke, der unser gemeinsames <br \/>Projekt entz\u00fcndet.<\/p><p data-start=\"312\" data-end=\"698\">\u00a0<\/p>\t\t\t\t\t\t\t\t<\/div>\n\t\t\t\t<div class=\"elementor-element elementor-element-4be0db9 elementor-widget elementor-widget-button\" data-id=\"4be0db9\" data-element_type=\"widget\" data-widget_type=\"button.default\">\n\t\t\t\t\t\t\t\t\t\t<a class=\"elementor-button elementor-button-link elementor-size-sm\" href=\"https:\/\/www.kreativer-wirbelwind.at\/?page_id=25\">\n\t\t\t\t\t\t<span class=\"elementor-button-content-wrapper\">\n\t\t\t\t\t\t\t\t\t<span class=\"elementor-button-text\">Wirbelwerke<\/span>\n\t\t\t\t\t<\/span>\n\t\t\t\t\t<\/a>\n\t\t\t\t\t\t\t\t<\/div>\n\t\t\t\t<\/div>\n\t\t\t\t\t<\/div>\n\t\t\t\t<\/div>\n\t\t\t\t<\/div>\n\t\t","protected":false},"excerpt":{"rendered":"<p>Ich wirble Kreativit\u00e4t in jede Richtung \u2013 f\u00fcr Marken, Menschen und Momente. Ob Design, Kunst oder Content: Ich bringe frischen Wind in jedes Projekt. Gemeinsam loswirbeln About me Ich bin Chiara &#8211; diplomierte Mediendesignerin, vielseitige K\u00fcnstlerin und der kreative Wirbelwind, der Ideen zum Lebenerweckt. Ich denke selten geradeaus und genau daraus entsteht meine St\u00e4rke: mutige [&hellip;]<\/p>\n","protected":false},"author":1,"featured_media":0,"parent":0,"menu_order":0,"comment_status":"closed","ping_status":"closed","template":"","meta":{"footnotes":""},"class_list":["post-14","page","type-page","status-publish","hentry"],"blocksy_meta":[],"_links":{"self":[{"href":"https:\/\/www.kreativer-wirbelwind.at\/index.php?rest_route=\/wp\/v2\/pages\/14","targetHints":{"allow":["GET"]}}],"collection":[{"href":"https:\/\/www.kreativer-wirbelwind.at\/index.php?rest_route=\/wp\/v2\/pages"}],"about":[{"href":"https:\/\/www.kreativer-wirbelwind.at\/index.php?rest_route=\/wp\/v2\/types\/page"}],"author":[{"embeddable":true,"href":"https:\/\/www.kreativer-wirbelwind.at\/index.php?rest_route=\/wp\/v2\/users\/1"}],"replies":[{"embeddable":true,"href":"https:\/\/www.kreativer-wirbelwind.at\/index.php?rest_route=%2Fwp%2Fv2%2Fcomments&post=14"}],"version-history":[{"count":49,"href":"https:\/\/www.kreativer-wirbelwind.at\/index.php?rest_route=\/wp\/v2\/pages\/14\/revisions"}],"predecessor-version":[{"id":191,"href":"https:\/\/www.kreativer-wirbelwind.at\/index.php?rest_route=\/wp\/v2\/pages\/14\/revisions\/191"}],"wp:attachment":[{"href":"https:\/\/www.kreativer-wirbelwind.at\/index.php?rest_route=%2Fwp%2Fv2%2Fmedia&parent=14"}],"curies":[{"name":"wp","href":"https:\/\/api.w.org\/{rel}","templated":true}]}}